{"id":24557,"date":"2024-08-20T10:47:52","date_gmt":"2024-08-20T14:47:52","guid":{"rendered":"https:\/\/silent-sticks.com\/?page_id=24557"},"modified":"2025-04-10T12:09:10","modified_gmt":"2025-04-10T16:09:10","slug":"special","status":"publish","type":"page","link":"https:\/\/silent-sticks.com\/fr\/special\/","title":{"rendered":"Special"},"content":{"rendered":"<div data-elementor-type=\"wp-page\" data-elementor-id=\"24557\" class=\"elementor elementor-24557\" data-elementor-post-type=\"page\">\n\t\t\t\t\t\t<section class=\"has_eae_slider elementor-section elementor-top-section elementor-element elementor-element-51175754 elementor-section-boxed elementor-section-height-default elementor-section-height-default\" data-eae-slider=\"57452\" data-id=\"51175754\" data-element_type=\"section\" data-e-type=\"section\">\n\t\t\t\t\t\t<div class=\"elementor-container elementor-column-gap-default\">\n\t\t\t\t\t<div class=\"has_eae_slider elementor-column elementor-col-50 elementor-top-column elementor-element elementor-element-755cf2f9 elementor-hidden-mobile\" data-eae-slider=\"55534\" data-id=\"755cf2f9\" data-element_type=\"column\" data-e-type=\"column\">\n\t\t\t<div class=\"elementor-widget-wrap elementor-element-populated\">\n\t\t\t\t\t\t<div class=\"elementor-element elementor-element-43547126 elementor-widget elementor-widget-image\" data-id=\"43547126\" data-element_type=\"widget\" data-e-type=\"widget\" data-widget_type=\"image.default\">\n\t\t\t\t<div class=\"elementor-widget-container\">\n\t\t\t\t\t\t\t\t\t\t\t\t\t\t\t<img decoding=\"async\" src=\"https:\/\/silent-sticks.com\/wp-content\/uploads\/2024\/07\/allinyourhead_heritage.jpg\" title=\"\" alt=\"\" loading=\"lazy\" \/>\t\t\t\t\t\t\t\t\t\t\t\t\t\t\t<\/div>\n\t\t\t\t<\/div>\n\t\t\t\t\t<\/div>\n\t\t<\/div>\n\t\t\t\t<div class=\"has_eae_slider elementor-column elementor-col-50 elementor-top-column elementor-element elementor-element-38e5891a\" data-eae-slider=\"18230\" data-id=\"38e5891a\" data-element_type=\"column\" data-e-type=\"column\">\n\t\t\t<div class=\"elementor-widget-wrap elementor-element-populated\">\n\t\t\t\t\t\t<div class=\"elementor-element elementor-element-528c336d elementor-widget__width-inherit elementor-widget elementor-widget-video\" data-id=\"528c336d\" data-element_type=\"widget\" data-e-type=\"widget\" data-settings=\"{&quot;youtube_url&quot;:&quot;https:\\\/\\\/youtu.be\\\/chUPRI60jSY?si=9zaTXFYw2t3vVy3u&quot;,&quot;video_type&quot;:&quot;youtube&quot;,&quot;controls&quot;:&quot;yes&quot;}\" data-widget_type=\"video.default\">\n\t\t\t\t<div class=\"elementor-widget-container\">\n\t\t\t\t\t\t\t<div class=\"elementor-wrapper elementor-open-inline\">\n\t\t\t<div class=\"elementor-video\"><\/div>\t\t<\/div>\n\t\t\t\t\t\t<\/div>\n\t\t\t\t<\/div>\n\t\t\t\t\t<\/div>\n\t\t<\/div>\n\t\t\t\t\t<\/div>\n\t\t<\/section>\n\t\t\t\t<section class=\"has_eae_slider elementor-section elementor-top-section elementor-element elementor-element-4d050602 elementor-section-boxed elementor-section-height-default elementor-section-height-default\" data-eae-slider=\"58394\" data-id=\"4d050602\" data-element_type=\"section\" data-e-type=\"section\" data-settings=\"{&quot;background_background&quot;:&quot;classic&quot;}\">\n\t\t\t\t\t\t<div class=\"elementor-container elementor-column-gap-default\">\n\t\t\t\t\t<div class=\"has_eae_slider elementor-column elementor-col-100 elementor-top-column elementor-element elementor-element-5c424b57\" data-eae-slider=\"44932\" data-id=\"5c424b57\" data-element_type=\"column\" data-e-type=\"column\">\n\t\t\t<div class=\"elementor-widget-wrap elementor-element-populated\">\n\t\t\t\t\t\t<div class=\"elementor-element elementor-element-1c3a1a05 elementor-widget elementor-widget-heading\" data-id=\"1c3a1a05\" data-element_type=\"widget\" data-e-type=\"widget\" data-widget_type=\"heading.default\">\n\t\t\t\t<div class=\"elementor-widget-container\">\n\t\t\t\t\t<h1 class=\"elementor-heading-title elementor-size-default\"><a href=\"mailto:support@adoro-drums.com?subject=contact\">You can contact us: +1 (405) 614-0685 or support@adoro-drums.com<\/a><\/h1>\t\t\t\t<\/div>\n\t\t\t\t<\/div>\n\t\t\t\t\t<\/div>\n\t\t<\/div>\n\t\t\t\t\t<\/div>\n\t\t<\/section>\n\t\t\t\t<section class=\"has_eae_slider elementor-section elementor-top-section elementor-element elementor-element-91f2278 elementor-section-full_width elementor-section-height-default elementor-section-height-default\" data-eae-slider=\"88532\" data-id=\"91f2278\" data-element_type=\"section\" data-e-type=\"section\" data-settings=\"{&quot;background_background&quot;:&quot;classic&quot;}\">\n\t\t\t\t\t\t<div class=\"elementor-container elementor-column-gap-no\">\n\t\t\t\t\t<div class=\"has_eae_slider elementor-column elementor-col-100 elementor-top-column elementor-element elementor-element-f357cf1\" data-eae-slider=\"45557\" data-id=\"f357cf1\" data-element_type=\"column\" data-e-type=\"column\" data-settings=\"{&quot;background_background&quot;:&quot;classic&quot;}\">\n\t\t\t<div class=\"elementor-widget-wrap elementor-element-populated\">\n\t\t\t\t\t\t<section class=\"has_eae_slider elementor-section elementor-inner-section elementor-element elementor-element-4495f8c6 elementor-section-content-top elementor-section-full_width elementor-section-height-default elementor-section-height-default\" data-eae-slider=\"21667\" data-id=\"4495f8c6\" data-element_type=\"section\" data-e-type=\"section\" data-settings=\"{&quot;background_background&quot;:&quot;classic&quot;,&quot;shape_divider_top&quot;:&quot;arrow&quot;}\">\n\t\t\t\t\t\t\t<div class=\"elementor-background-overlay\"><\/div>\n\t\t\t\t\t\t<div class=\"elementor-shape elementor-shape-top\" aria-hidden=\"true\" data-negative=\"false\">\n\t\t\t<svg xmlns=\"http:\/\/www.w3.org\/2000\/svg\" viewbox=\"0 0 700 10\" preserveaspectratio=\"none\">\n\t<path class=\"elementor-shape-fill\" d=\"M350,10L340,0h20L350,10z\"\/>\n<\/svg>\t\t<\/div>\n\t\t\t\t\t<div class=\"elementor-container elementor-column-gap-default\">\n\t\t\t\t\t<div class=\"has_eae_slider elementor-column elementor-col-25 elementor-inner-column elementor-element elementor-element-59cca626\" data-eae-slider=\"65032\" data-id=\"59cca626\" data-element_type=\"column\" data-e-type=\"column\">\n\t\t\t<div class=\"elementor-widget-wrap elementor-element-populated\">\n\t\t\t\t\t\t<div class=\"elementor-element elementor-element-492da186 elementor-widget elementor-widget-heading\" data-id=\"492da186\" data-element_type=\"widget\" data-e-type=\"widget\" data-widget_type=\"heading.default\">\n\t\t\t\t<div class=\"elementor-widget-container\">\n\t\t\t\t\t<h4 class=\"elementor-heading-title elementor-size-default\">\u00c0 propos d'Adoro<\/h4>\t\t\t\t<\/div>\n\t\t\t\t<\/div>\n\t\t\t\t<div class=\"elementor-element elementor-element-c204319 elementor-widget elementor-widget-text-editor\" data-id=\"c204319\" data-element_type=\"widget\" data-e-type=\"widget\" data-widget_type=\"text-editor.default\">\n\t\t\t\t<div class=\"elementor-widget-container\">\n\t\t\t\t\t\t\t\t\t<p>Adoro est un fabricant de batteries originaire de Hambourg, en Allemagne. Nous sommes sp\u00e9cialis\u00e9s dans les batteries pour les environnements acoustiques, les Silent Sticks ne sont qu'un des nombreux produits que nous fabriquons \u00e0 la main. Nous aimons ce que nous faisons, et nous sommes heureux que vous appr\u00e9ciiez \u00e9galement nos produits.<\/p><p>Si vous avez des questions, ou si vous souhaitez obtenir des conseils en mati\u00e8re de batterie, n'h\u00e9sitez pas \u00e0 nous contacter !<\/p>\t\t\t\t\t\t\t\t<\/div>\n\t\t\t\t<\/div>\n\t\t\t\t\t<\/div>\n\t\t<\/div>\n\t\t\t\t<div class=\"has_eae_slider elementor-column elementor-col-25 elementor-inner-column elementor-element elementor-element-5109b692\" data-eae-slider=\"20938\" data-id=\"5109b692\" data-element_type=\"column\" data-e-type=\"column\">\n\t\t\t<div class=\"elementor-widget-wrap elementor-element-populated\">\n\t\t\t\t\t\t<div class=\"elementor-element elementor-element-1cc1cccc elementor-widget elementor-widget-heading\" data-id=\"1cc1cccc\" data-element_type=\"widget\" data-e-type=\"widget\" data-widget_type=\"heading.default\">\n\t\t\t\t<div class=\"elementor-widget-container\">\n\t\t\t\t\t<h4 class=\"elementor-heading-title elementor-size-default\">Informations<\/h4>\t\t\t\t<\/div>\n\t\t\t\t<\/div>\n\t\t\t\t<div class=\"elementor-element elementor-element-5d72a7b2 elementor-align-start elementor-icon-list--layout-traditional elementor-list-item-link-full_width elementor-widget elementor-widget-icon-list\" data-id=\"5d72a7b2\" data-element_type=\"widget\" data-e-type=\"widget\" data-widget_type=\"icon-list.default\">\n\t\t\t\t<div class=\"elementor-widget-container\">\n\t\t\t\t\t\t\t<ul class=\"elementor-icon-list-items\">\n\t\t\t\t\t\t\t<li class=\"elementor-icon-list-item\">\n\t\t\t\t\t\t\t\t\t\t\t<a href=\"https:\/\/silent-sticks.com\/contact\/\">\n\n\t\t\t\t\t\t\t\t\t\t\t\t<span class=\"elementor-icon-list-icon\">\n\t\t\t\t\t\t\t<i aria-hidden=\"true\" class=\"fas fa-check\"><\/i>\t\t\t\t\t\t<\/span>\n\t\t\t\t\t\t\t\t\t\t<span class=\"elementor-icon-list-text\">Meet the staff<\/span>\n\t\t\t\t\t\t\t\t\t\t\t<\/a>\n\t\t\t\t\t\t\t\t\t<\/li>\n\t\t\t\t\t\t\t\t<li class=\"elementor-icon-list-item\">\n\t\t\t\t\t\t\t\t\t\t\t<a href=\"https:\/\/silent-sticks.com\/terms-of-conditions\/\">\n\n\t\t\t\t\t\t\t\t\t\t\t<span class=\"elementor-icon-list-text\">Terms &amp; conditions<\/span>\n\t\t\t\t\t\t\t\t\t\t\t<\/a>\n\t\t\t\t\t\t\t\t\t<\/li>\n\t\t\t\t\t\t\t\t<li class=\"elementor-icon-list-item\">\n\t\t\t\t\t\t\t\t\t\t\t<a href=\"https:\/\/silent-sticks.com\/return-policy\/\">\n\n\t\t\t\t\t\t\t\t\t\t\t<span class=\"elementor-icon-list-text\">Politique de renvoi<\/span>\n\t\t\t\t\t\t\t\t\t\t\t<\/a>\n\t\t\t\t\t\t\t\t\t<\/li>\n\t\t\t\t\t\t\t\t<li class=\"elementor-icon-list-item\">\n\t\t\t\t\t\t\t\t\t\t\t<a href=\"https:\/\/silent-sticks.com\/references\/\">\n\n\t\t\t\t\t\t\t\t\t\t\t<span class=\"elementor-icon-list-text\">References<\/span>\n\t\t\t\t\t\t\t\t\t\t\t<\/a>\n\t\t\t\t\t\t\t\t\t<\/li>\n\t\t\t\t\t\t\t\t<li class=\"elementor-icon-list-item\">\n\t\t\t\t\t\t\t\t\t\t\t<a href=\"https:\/\/silent-sticks.com\/local-dealers-for-adoro-silent-sticks\/\">\n\n\t\t\t\t\t\t\t\t\t\t\t<span class=\"elementor-icon-list-text\">Acheter Local<\/span>\n\t\t\t\t\t\t\t\t\t\t\t<\/a>\n\t\t\t\t\t\t\t\t\t<\/li>\n\t\t\t\t\t\t<\/ul>\n\t\t\t\t\t\t<\/div>\n\t\t\t\t<\/div>\n\t\t\t\t\t<\/div>\n\t\t<\/div>\n\t\t\t\t<div class=\"has_eae_slider elementor-column elementor-col-25 elementor-inner-column elementor-element elementor-element-1fbf36af elementor-hidden-phone\" data-eae-slider=\"51251\" data-id=\"1fbf36af\" data-element_type=\"column\" data-e-type=\"column\">\n\t\t\t<div class=\"elementor-widget-wrap elementor-element-populated\">\n\t\t\t\t\t\t<div class=\"elementor-element elementor-element-7ee1e1c1 elementor-widget elementor-widget-heading\" data-id=\"7ee1e1c1\" data-element_type=\"widget\" data-e-type=\"widget\" data-widget_type=\"heading.default\">\n\t\t\t\t<div class=\"elementor-widget-container\">\n\t\t\t\t\t<h4 class=\"elementor-heading-title elementor-size-default\">Showroom<\/h4>\t\t\t\t<\/div>\n\t\t\t\t<\/div>\n\t\t\t\t<div class=\"elementor-element elementor-element-28158747 elementor-widget elementor-widget-text-editor\" data-id=\"28158747\" data-element_type=\"widget\" data-e-type=\"widget\" data-widget_type=\"text-editor.default\">\n\t\t\t\t<div class=\"elementor-widget-container\">\n\t\t\t\t\t\t\t\t\t<p style=\"text-align: center;\">Adoro Drums OKC<br \/>7200 NW 111th St. <br \/>OKC, Oklahoma 73162<\/p><p style=\"text-align: center;\">Veuillez prendre rendez-vous avant de venir. Merci.<\/p>\t\t\t\t\t\t\t\t<\/div>\n\t\t\t\t<\/div>\n\t\t\t\t\t<\/div>\n\t\t<\/div>\n\t\t\t\t<div class=\"has_eae_slider elementor-column elementor-col-25 elementor-inner-column elementor-element elementor-element-25fc301b\" data-eae-slider=\"12101\" data-id=\"25fc301b\" data-element_type=\"column\" data-e-type=\"column\">\n\t\t\t<div class=\"elementor-widget-wrap elementor-element-populated\">\n\t\t\t\t\t\t<div class=\"elementor-element elementor-element-29b04a93 elementor-widget elementor-widget-heading\" data-id=\"29b04a93\" data-element_type=\"widget\" data-e-type=\"widget\" data-widget_type=\"heading.default\">\n\t\t\t\t<div class=\"elementor-widget-container\">\n\t\t\t\t\t<h4 class=\"elementor-heading-title elementor-size-default\">Office North America<\/h4>\t\t\t\t<\/div>\n\t\t\t\t<\/div>\n\t\t\t\t<div class=\"elementor-element elementor-element-643d26c6 elementor-widget elementor-widget-text-editor\" data-id=\"643d26c6\" data-element_type=\"widget\" data-e-type=\"widget\" data-widget_type=\"text-editor.default\">\n\t\t\t\t<div class=\"elementor-widget-container\">\n\t\t\t\t\t\t\t\t\t<p style=\"text-align: right;\">Adoro Drums USA<\/p><p style=\"text-align: right;\">Allan Langvee<\/p><p style=\"text-align: right;\">Nous contacter<\/p>\t\t\t\t\t\t\t\t<\/div>\n\t\t\t\t<\/div>\n\t\t\t\t<div class=\"elementor-element elementor-element-158cdce6 elementor-align-end elementor-mobile-align-end elementor-icon-list--layout-traditional elementor-list-item-link-full_width elementor-widget elementor-widget-icon-list\" data-id=\"158cdce6\" data-element_type=\"widget\" data-e-type=\"widget\" data-widget_type=\"icon-list.default\">\n\t\t\t\t<div class=\"elementor-widget-container\">\n\t\t\t\t\t\t\t<ul class=\"elementor-icon-list-items\">\n\t\t\t\t\t\t\t<li class=\"elementor-icon-list-item\">\n\t\t\t\t\t\t\t\t\t\t\t<a href=\"\">\n\n\t\t\t\t\t\t\t\t\t\t\t<span class=\"elementor-icon-list-text\">alangvee@adoro-drums.com<\/span>\n\t\t\t\t\t\t\t\t\t\t\t<\/a>\n\t\t\t\t\t\t\t\t\t<\/li>\n\t\t\t\t\t\t<\/ul>\n\t\t\t\t\t\t<\/div>\n\t\t\t\t<\/div>\n\t\t\t\t\t<\/div>\n\t\t<\/div>\n\t\t\t\t\t<\/div>\n\t\t<\/section>\n\t\t\t\t\t<\/div>\n\t\t<\/div>\n\t\t\t\t\t<\/div>\n\t\t<\/section>\n\t\t\t\t<footer class=\"has_eae_slider elementor-section elementor-top-section elementor-element elementor-element-34f999b6 elementor-section-boxed elementor-section-height-default elementor-section-height-default\" data-eae-slider=\"32736\" data-id=\"34f999b6\" data-element_type=\"section\" data-e-type=\"section\" data-settings=\"{&quot;background_background&quot;:&quot;classic&quot;}\">\n\t\t\t\t\t\t<div class=\"elementor-container elementor-column-gap-no\">\n\t\t\t\t\t<div class=\"has_eae_slider elementor-column elementor-col-100 elementor-top-column elementor-element elementor-element-72ecbdb2\" data-eae-slider=\"97382\" data-id=\"72ecbdb2\" data-element_type=\"column\" data-e-type=\"column\">\n\t\t\t<div class=\"elementor-widget-wrap elementor-element-populated\">\n\t\t\t\t\t\t<section class=\"has_eae_slider elementor-section elementor-inner-section elementor-element elementor-element-3ab473a2 elementor-section-boxed elementor-section-height-default elementor-section-height-default\" data-eae-slider=\"66294\" data-id=\"3ab473a2\" data-element_type=\"section\" data-e-type=\"section\">\n\t\t\t\t\t\t<div class=\"elementor-container elementor-column-gap-default\">\n\t\t\t\t\t<div class=\"has_eae_slider elementor-column elementor-col-50 elementor-inner-column elementor-element elementor-element-76ad2147\" data-eae-slider=\"85734\" data-id=\"76ad2147\" data-element_type=\"column\" data-e-type=\"column\">\n\t\t\t<div class=\"elementor-widget-wrap elementor-element-populated\">\n\t\t\t\t\t\t<div class=\"elementor-element elementor-element-5457c89c elementor-widget elementor-widget-heading\" data-id=\"5457c89c\" data-element_type=\"widget\" data-e-type=\"widget\" data-widget_type=\"heading.default\">\n\t\t\t\t<div class=\"elementor-widget-container\">\n\t\t\t\t\t<p class=\"elementor-heading-title elementor-size-default\">\u00a9 2024 All rights reserved<\/p>\t\t\t\t<\/div>\n\t\t\t\t<\/div>\n\t\t\t\t\t<\/div>\n\t\t<\/div>\n\t\t\t\t<div class=\"has_eae_slider elementor-column elementor-col-50 elementor-inner-column elementor-element elementor-element-4d206fef elementor-hidden-phone\" data-eae-slider=\"45421\" data-id=\"4d206fef\" data-element_type=\"column\" data-e-type=\"column\">\n\t\t\t<div class=\"elementor-widget-wrap elementor-element-populated\">\n\t\t\t\t\t\t<div class=\"elementor-element elementor-element-2da73aad e-grid-align-right e-grid-align-mobile-center elementor-shape-rounded elementor-grid-0 elementor-widget elementor-widget-social-icons\" data-id=\"2da73aad\" data-element_type=\"widget\" data-e-type=\"widget\" data-widget_type=\"social-icons.default\">\n\t\t\t\t<div class=\"elementor-widget-container\">\n\t\t\t\t\t\t\t<div class=\"elementor-social-icons-wrapper elementor-grid\" role=\"list\">\n\t\t\t\t\t\t\t<span class=\"elementor-grid-item\" role=\"listitem\">\n\t\t\t\t\t<a class=\"elementor-icon elementor-social-icon elementor-social-icon-facebook-f elementor-repeater-item-0267196\" href=\"https:\/\/www.facebook.com\/adorodrums\" target=\"_blank\">\n\t\t\t\t\t\t<span class=\"elementor-screen-only\">Facebook-f<\/span>\n\t\t\t\t\t\t<i aria-hidden=\"true\" class=\"fab fa-facebook-f\"><\/i>\t\t\t\t\t<\/a>\n\t\t\t\t<\/span>\n\t\t\t\t\t\t\t<span class=\"elementor-grid-item\" role=\"listitem\">\n\t\t\t\t\t<a class=\"elementor-icon elementor-social-icon elementor-social-icon-youtube elementor-repeater-item-dbaeb71\" href=\"https:\/\/www.youtube.com\/channel\/UC8KzfKUVMRqewgVdDk2qvqg\" target=\"_blank\">\n\t\t\t\t\t\t<span class=\"elementor-screen-only\">Youtube<\/span>\n\t\t\t\t\t\t<i aria-hidden=\"true\" class=\"fab fa-youtube\"><\/i>\t\t\t\t\t<\/a>\n\t\t\t\t<\/span>\n\t\t\t\t\t\t\t<span class=\"elementor-grid-item\" role=\"listitem\">\n\t\t\t\t\t<a class=\"elementor-icon elementor-social-icon elementor-social-icon-wordpress elementor-repeater-item-62619c6\" href=\"https:\/\/www.lowvolumedrumming.org\" target=\"_blank\">\n\t\t\t\t\t\t<span class=\"elementor-screen-only\">WordPress<\/span>\n\t\t\t\t\t\t<i aria-hidden=\"true\" class=\"fab fa-wordpress\"><\/i>\t\t\t\t\t<\/a>\n\t\t\t\t<\/span>\n\t\t\t\t\t<\/div>\n\t\t\t\t\t\t<\/div>\n\t\t\t\t<\/div>\n\t\t\t\t\t<\/div>\n\t\t<\/div>\n\t\t\t\t\t<\/div>\n\t\t<\/section>\n\t\t\t\t\t<\/div>\n\t\t<\/div>\n\t\t\t\t\t<\/div>\n\t\t<\/footer>\n\t\t\t\t<\/div>","protected":false},"excerpt":{"rendered":"<p>You can contact us: +1 (405) 614-0685 or support@adoro-drums.com About Adoro Adoro is a drum manufacturer origined in Hamburg, Germany. We specialize in drums for acoustic settings, the silent sticks are just one of many products we hand manufacture. We love what we do, and we are happy when you enjoy our products too. If&hellip;<\/p>","protected":false},"author":1,"featured_media":0,"parent":0,"menu_order":0,"comment_status":"closed","ping_status":"closed","template":"","meta":{"footnotes":""},"class_list":["post-24557","page","type-page","status-publish","hentry"],"yoast_head":"<!-- This site is optimized with the Yoast SEO plugin v27.1.1 - https:\/\/yoast.com\/product\/yoast-seo-wordpress\/ -->\n<title>Special - Adoro Drums Web Shop<\/title>\n<meta name=\"robots\" content=\"index, follow, max-snippet:-1, max-image-preview:large, max-video-preview:-1\" \/>\n<link rel=\"canonical\" href=\"https:\/\/silent-sticks.com\/fr\/special\/\" \/>\n<meta property=\"og:locale\" content=\"fr_FR\" \/>\n<meta property=\"og:type\" content=\"article\" \/>\n<meta property=\"og:title\" content=\"Special - Adoro Drums Web Shop\" \/>\n<meta property=\"og:description\" content=\"You can contact us: +1 (405) 614-0685 or support@adoro-drums.com About Adoro Adoro is a drum manufacturer origined in Hamburg, Germany. We specialize in drums for acoustic settings, the silent sticks are just one of many products we hand manufacture. We love what we do, and we are happy when you enjoy our products too. If&hellip;\" \/>\n<meta property=\"og:url\" content=\"https:\/\/silent-sticks.com\/fr\/special\/\" \/>\n<meta property=\"og:site_name\" content=\"Adoro Drums Web Shop\" \/>\n<meta property=\"article:publisher\" content=\"https:\/\/facebook.com\/adorodrums\" \/>\n<meta property=\"article:modified_time\" content=\"2025-04-10T16:09:10+00:00\" \/>\n<meta name=\"twitter:card\" content=\"summary_large_image\" \/>\n<meta name=\"twitter:site\" content=\"@adorodrums\" \/>\n<meta name=\"twitter:label1\" content=\"Dur\u00e9e de lecture estim\u00e9e\" \/>\n\t<meta name=\"twitter:data1\" content=\"1 minute\" \/>\n<script type=\"application\/ld+json\" class=\"yoast-schema-graph\">{\"@context\":\"https:\/\/schema.org\",\"@graph\":[{\"@type\":\"WebPage\",\"@id\":\"https:\/\/silent-sticks.com\/special\/\",\"url\":\"https:\/\/silent-sticks.com\/special\/\",\"name\":\"Special - Adoro Drums Web Shop\",\"isPartOf\":{\"@id\":\"https:\/\/silent-sticks.com\/#website\"},\"primaryImageOfPage\":{\"@id\":\"https:\/\/silent-sticks.com\/special\/#primaryimage\"},\"image\":{\"@id\":\"https:\/\/silent-sticks.com\/special\/#primaryimage\"},\"thumbnailUrl\":\"https:\/\/silent-sticks.com\/wp-content\/uploads\/2024\/07\/allinyourhead_heritage-1024x626.jpg\",\"datePublished\":\"2024-08-20T14:47:52+00:00\",\"dateModified\":\"2025-04-10T16:09:10+00:00\",\"breadcrumb\":{\"@id\":\"https:\/\/silent-sticks.com\/special\/#breadcrumb\"},\"inLanguage\":\"fr-FR\",\"potentialAction\":[{\"@type\":\"ReadAction\",\"target\":[\"https:\/\/silent-sticks.com\/special\/\"]}]},{\"@type\":\"ImageObject\",\"inLanguage\":\"fr-FR\",\"@id\":\"https:\/\/silent-sticks.com\/special\/#primaryimage\",\"url\":\"https:\/\/silent-sticks.com\/wp-content\/uploads\/2024\/07\/allinyourhead_heritage-1024x626.jpg\",\"contentUrl\":\"https:\/\/silent-sticks.com\/wp-content\/uploads\/2024\/07\/allinyourhead_heritage-1024x626.jpg\"},{\"@type\":\"BreadcrumbList\",\"@id\":\"https:\/\/silent-sticks.com\/special\/#breadcrumb\",\"itemListElement\":[{\"@type\":\"ListItem\",\"position\":1,\"name\":\"Home\",\"item\":\"https:\/\/silent-sticks.com\/\"},{\"@type\":\"ListItem\",\"position\":2,\"name\":\"Special\"}]},{\"@type\":\"WebSite\",\"@id\":\"https:\/\/silent-sticks.com\/#website\",\"url\":\"https:\/\/silent-sticks.com\/\",\"name\":\"Adoro Drums Web Shop\",\"description\":\"Home of Silent Sticks &amp; Beater. And awesome drums.\",\"publisher\":{\"@id\":\"https:\/\/silent-sticks.com\/#organization\"},\"potentialAction\":[{\"@type\":\"SearchAction\",\"target\":{\"@type\":\"EntryPoint\",\"urlTemplate\":\"https:\/\/silent-sticks.com\/?s={search_term_string}\"},\"query-input\":{\"@type\":\"PropertyValueSpecification\",\"valueRequired\":true,\"valueName\":\"search_term_string\"}}],\"inLanguage\":\"fr-FR\"},{\"@type\":\"Organization\",\"@id\":\"https:\/\/silent-sticks.com\/#organization\",\"name\":\"Adoro Drums USA\",\"url\":\"https:\/\/silent-sticks.com\/\",\"logo\":{\"@type\":\"ImageObject\",\"inLanguage\":\"fr-FR\",\"@id\":\"https:\/\/silent-sticks.com\/#\/schema\/logo\/image\/\",\"url\":\"https:\/\/silent-sticks.com\/wp-content\/uploads\/2020\/05\/adoro-Logo-simplified_black.svg\",\"contentUrl\":\"https:\/\/silent-sticks.com\/wp-content\/uploads\/2020\/05\/adoro-Logo-simplified_black.svg\",\"width\":138,\"height\":68,\"caption\":\"Adoro Drums USA\"},\"image\":{\"@id\":\"https:\/\/silent-sticks.com\/#\/schema\/logo\/image\/\"},\"sameAs\":[\"https:\/\/facebook.com\/adorodrums\",\"https:\/\/x.com\/adorodrums\"]}]}<\/script>\n<!-- \/ Yoast SEO plugin. -->","yoast_head_json":{"title":"Special - Adoro Drums Web Shop","robots":{"index":"index","follow":"follow","max-snippet":"max-snippet:-1","max-image-preview":"max-image-preview:large","max-video-preview":"max-video-preview:-1"},"canonical":"https:\/\/silent-sticks.com\/fr\/special\/","og_locale":"fr_FR","og_type":"article","og_title":"Special - Adoro Drums Web Shop","og_description":"You can contact us: +1 (405) 614-0685 or support@adoro-drums.com About Adoro Adoro is a drum manufacturer origined in Hamburg, Germany. We specialize in drums for acoustic settings, the silent sticks are just one of many products we hand manufacture. We love what we do, and we are happy when you enjoy our products too. If&hellip;","og_url":"https:\/\/silent-sticks.com\/fr\/special\/","og_site_name":"Adoro Drums Web Shop","article_publisher":"https:\/\/facebook.com\/adorodrums","article_modified_time":"2025-04-10T16:09:10+00:00","twitter_card":"summary_large_image","twitter_site":"@adorodrums","twitter_misc":{"Dur\u00e9e de lecture estim\u00e9e":"1 minute"},"schema":{"@context":"https:\/\/schema.org","@graph":[{"@type":"WebPage","@id":"https:\/\/silent-sticks.com\/special\/","url":"https:\/\/silent-sticks.com\/special\/","name":"Special - Adoro Drums Web Shop","isPartOf":{"@id":"https:\/\/silent-sticks.com\/#website"},"primaryImageOfPage":{"@id":"https:\/\/silent-sticks.com\/special\/#primaryimage"},"image":{"@id":"https:\/\/silent-sticks.com\/special\/#primaryimage"},"thumbnailUrl":"https:\/\/silent-sticks.com\/wp-content\/uploads\/2024\/07\/allinyourhead_heritage-1024x626.jpg","datePublished":"2024-08-20T14:47:52+00:00","dateModified":"2025-04-10T16:09:10+00:00","breadcrumb":{"@id":"https:\/\/silent-sticks.com\/special\/#breadcrumb"},"inLanguage":"fr-FR","potentialAction":[{"@type":"ReadAction","target":["https:\/\/silent-sticks.com\/special\/"]}]},{"@type":"ImageObject","inLanguage":"fr-FR","@id":"https:\/\/silent-sticks.com\/special\/#primaryimage","url":"https:\/\/silent-sticks.com\/wp-content\/uploads\/2024\/07\/allinyourhead_heritage-1024x626.jpg","contentUrl":"https:\/\/silent-sticks.com\/wp-content\/uploads\/2024\/07\/allinyourhead_heritage-1024x626.jpg"},{"@type":"BreadcrumbList","@id":"https:\/\/silent-sticks.com\/special\/#breadcrumb","itemListElement":[{"@type":"ListItem","position":1,"name":"Home","item":"https:\/\/silent-sticks.com\/"},{"@type":"ListItem","position":2,"name":"Special"}]},{"@type":"WebSite","@id":"https:\/\/silent-sticks.com\/#website","url":"https:\/\/silent-sticks.com\/","name":"Adoro Drums Web Shop","description":"Home of Silent Sticks &amp; Beater. And awesome drums.","publisher":{"@id":"https:\/\/silent-sticks.com\/#organization"},"potentialAction":[{"@type":"SearchAction","target":{"@type":"EntryPoint","urlTemplate":"https:\/\/silent-sticks.com\/?s={search_term_string}"},"query-input":{"@type":"PropertyValueSpecification","valueRequired":true,"valueName":"search_term_string"}}],"inLanguage":"fr-FR"},{"@type":"Organization","@id":"https:\/\/silent-sticks.com\/#organization","name":"Adoro Drums USA","url":"https:\/\/silent-sticks.com\/","logo":{"@type":"ImageObject","inLanguage":"fr-FR","@id":"https:\/\/silent-sticks.com\/#\/schema\/logo\/image\/","url":"https:\/\/silent-sticks.com\/wp-content\/uploads\/2020\/05\/adoro-Logo-simplified_black.svg","contentUrl":"https:\/\/silent-sticks.com\/wp-content\/uploads\/2020\/05\/adoro-Logo-simplified_black.svg","width":138,"height":68,"caption":"Adoro Drums USA"},"image":{"@id":"https:\/\/silent-sticks.com\/#\/schema\/logo\/image\/"},"sameAs":["https:\/\/facebook.com\/adorodrums","https:\/\/x.com\/adorodrums"]}]}},"jetpack_sharing_enabled":true,"_links":{"self":[{"href":"https:\/\/silent-sticks.com\/fr\/wp-json\/wp\/v2\/pages\/24557","targetHints":{"allow":["GET"]}}],"collection":[{"href":"https:\/\/silent-sticks.com\/fr\/wp-json\/wp\/v2\/pages"}],"about":[{"href":"https:\/\/silent-sticks.com\/fr\/wp-json\/wp\/v2\/types\/page"}],"author":[{"embeddable":true,"href":"https:\/\/silent-sticks.com\/fr\/wp-json\/wp\/v2\/users\/1"}],"replies":[{"embeddable":true,"href":"https:\/\/silent-sticks.com\/fr\/wp-json\/wp\/v2\/comments?post=24557"}],"version-history":[{"count":10,"href":"https:\/\/silent-sticks.com\/fr\/wp-json\/wp\/v2\/pages\/24557\/revisions"}],"predecessor-version":[{"id":25664,"href":"https:\/\/silent-sticks.com\/fr\/wp-json\/wp\/v2\/pages\/24557\/revisions\/25664"}],"wp:attachment":[{"href":"https:\/\/silent-sticks.com\/fr\/wp-json\/wp\/v2\/media?parent=24557"}],"curies":[{"name":"wp","href":"https:\/\/api.w.org\/{rel}","templated":true}]}}