{"id":14526,"date":"2021-02-10T04:09:24","date_gmt":"2021-02-10T09:09:24","guid":{"rendered":"https:\/\/silent-sticks.com\/?post_type=product&#038;p=14526"},"modified":"2025-09-12T03:47:36","modified_gmt":"2025-09-12T07:47:36","slug":"adoro-worship-series-maple-champagne-20-kick","status":"publish","type":"product","link":"https:\/\/silent-sticks.com\/fr\/produkt\/adoro-worship-series-maple-champagne-20-kick\/","title":{"rendered":"Adoro Worship Series Maple Champagne (20&#8243; Kick)"},"content":{"rendered":"<h2><img fetchpriority=\"high\" decoding=\"async\" class=\"wp-image-10227 alignleft\" src=\"https:\/\/silent-sticks.com\/wp-content\/uploads\/2020\/05\/champagne_neu-scaled.jpg\" alt=\"\" width=\"656\" height=\"517\" srcset=\"https:\/\/silent-sticks.com\/wp-content\/uploads\/2020\/05\/champagne_neu-scaled.jpg 2560w, https:\/\/silent-sticks.com\/wp-content\/uploads\/2020\/05\/champagne_neu-scaled-600x472.jpg 600w, https:\/\/silent-sticks.com\/wp-content\/uploads\/2020\/05\/champagne_neu-300x236.jpg 300w, https:\/\/silent-sticks.com\/wp-content\/uploads\/2020\/05\/champagne_neu-1024x806.jpg 1024w, https:\/\/silent-sticks.com\/wp-content\/uploads\/2020\/05\/champagne_neu-768x604.jpg 768w, https:\/\/silent-sticks.com\/wp-content\/uploads\/2020\/05\/champagne_neu-1536x1209.jpg 1536w, https:\/\/silent-sticks.com\/wp-content\/uploads\/2020\/05\/champagne_neu-2048x1612.jpg 2048w\" sizes=\"(max-width: 656px) 100vw, 656px\" \/><\/h2>\n<p>Maple champagne series<\/p>\n<p>Kick 16&#215;20, TT 6&#215;10, 7&#215;12 FT 12&#215;14<\/p>\n<p>SD 6&#215;13 (optional: 6&#215;12)<\/p>\n<p>&nbsp;<\/p>\n<h2>Perfect volume control<\/h2>\n<p>\"Adoro\" signifie \"j'adore\" en espagnol. La s\u00e9rie Worship est en fait destin\u00e9e \u00e0 l'adoration : des batteries pour les groupes de louange et les \u00e9v\u00e9nements avec un petit public o\u00f9 les batteries ne sont pas compl\u00e8tement amplifi\u00e9s, et o\u00f9 un bon son de sc\u00e8ne \u00e0 faible volume est n\u00e9cessaire.<\/p>\n<p>L'id\u00e9e derri\u00e8re la s\u00e9rie Worship \u00e9tait de construire une ligne de batterie qui peut \u00eatre jou\u00e9e \u00e0 un volume tr\u00e8s bas, ce qui donne un son plein et bien \u00e9quilibr\u00e9. Lors des concerts de louange (ainsi que dans les clubs ou tout autre petit \u00e9v\u00e9nement), la batterie est souvent l'instrument le plus bruyant et ne peut \u00eatre capt\u00e9e directement par les microphones.<\/p>\n<p>La plus grande t\u00e2che du batteur est de jouer \u00e0 un volume aussi bas que possible, ce qui peut entra\u00eener un mauvais jeu, mais \u00e9galement un mauvais son: les batteries sont g\u00e9n\u00e9ralement con\u00e7ues pour les grandes sc\u00e8nes, o\u00f9 l'on peut jouer aussi fort que l'on veut, et non pour les petits clubs et les lieux de culte.<\/p>\n<p>Un kit de batterie bien \u00e9quilibr\u00e9 et \u00e0 faible volume profite \u00e9galement au son de la sc\u00e8ne. Il devient plus facile de s'entendre et de s'\u00e9couter les uns les autres. Ainsi, dans les situations o\u00f9 ce n'est pas le batteur mais le fid\u00e8le qui dirige, et o\u00f9 la musique est souvent improvis\u00e9e, vous b\u00e9n\u00e9ficiez vraiment d'un son transparent et chaleureux qui permet de tout entendre.<\/p>\n<p>M\u00eame lorsqu'elle est jou\u00e9e fort, la s\u00e9rie Adoro Worship est toujours reconnaissable \u00e0 un volume plus faible, et s'int\u00e8gre donc beaucoup mieux dans le concept sonore global : une batterie avec le son acoustique d'un kit amplifi\u00e9 bien \u00e9quilibr\u00e9.<\/p>\n<p>&nbsp;<\/p>\n<p>&nbsp;<\/p>\n<h2>What customers have to say:<\/h2>\n<p><img decoding=\"async\" class=\"wp-image-10220 alignright\" src=\"https:\/\/silent-sticks.com\/wp-content\/uploads\/2020\/05\/website-adoro-mai2012-k0_360.png\" alt=\"\" width=\"500\" height=\"284\" srcset=\"https:\/\/silent-sticks.com\/wp-content\/uploads\/2020\/05\/website-adoro-mai2012-k0_360.png 360w, https:\/\/silent-sticks.com\/wp-content\/uploads\/2020\/05\/website-adoro-mai2012-k0_360-300x170.png 300w\" sizes=\"(max-width: 500px) 100vw, 500px\" \/><strong>Calum Rees (Brian Doerksen):<\/strong> &#8220;My Adoro drums have quickly become the most requested set-up for both recording sessions and live events. They have a focused tone with an extremely broad range of tuning capabilities resulting in a very flexible instrument. My 20 kick catches both recording and live engineers off their guard, with that quizzical first look at the &#8216;small&#8217; kick i&#8217;ve brought along turning into a huge beaming smile upon the first &#8216;boom&#8217;! It is also just as effective in a more muted, intimate jazz\/fusion musical situation. Live engineers will love the control of the source sound at their disposal, enabling them to present a big open roomy sound or a more focused processed sound, with flexibility all the way between. I&#8217;ve yet to find an musical situation where these drums do not excel. I heartily recommend Stefan and the Adoro team to anyone who is looking for a top quality instrument that will both inspire and produce fantastic results. Churches should also look into investing into these drums before shutting their drummers away behind that dreaded perspex screen. The drum construction enables a full tone without the need for heavy hitting, and your drummers will be thankful for an instrument that can convey every nuance in their playing. If they are lacking somewhat in the nuance department then these drums will help them find it! Playing an Adoro set of drums inspires me to further my ability and discover more of the drummer I could be&#8230; plus I really like the green sparkle finish!&#8221; (Calum Rees)<\/p>\n<p><img decoding=\"async\" class=\"size-full wp-image-10221 alignleft\" src=\"https:\/\/silent-sticks.com\/wp-content\/uploads\/2020\/05\/handmadeinhamburg.jpg\" alt=\"\" width=\"217\" height=\"185\" \/><\/p>\n<p style=\"text-align: left;\"><strong>Lance Spratt (Audio Engineer):<\/strong> &#8220;I was first introduced to your drums by Calum a number of years ago when I first started mixing live sound for Brian Doerksen. The venue seated around 2000 people, and I was a bit hesitant with the kit that Calum had brought to the gig. It was relatively small in comparison to other kits comm get the kit to sound the way I wanted, and b) that I wasn&#8217;t having to accommodate or work around the levels coming from the stage. The kit fit in the mix really nicely, and didn&#8217;t seem to acoustically engage the rooms we played near as much, whether the rooms were large or small, acoustically challenging or not. When reviewing live recordings, it was clear that there was less bleed into the vocal mics than I was accustomed to. So far, a very positive experience from a FOH engineering perspective. And when it was time to let&#8217;r&#8217;rip and let the animal out of the cage, Calum and his little Adoro kit could rock and roll with BIG sound that never became obnoxious. Perfect! Speaking of cages and drum shields, the rider specifically requests that the venue remove it from the stage&#8230; because we don&#8217;t need it! From an audio engineers perspective, I can&#8217;t think why a church wouldn&#8217;t want an Adoro kit in their room. It doesn&#8217;t interact with the room near as much as other kits, creates less level on the stage, and therefore doesn&#8217;t interfere with monitor mixes or bleed into open mics, eliminates the need for a shield or cage, and takes up less space, while still capable of working well for a broad range or musical requirements. I can&#8217;t speak to why or how churches are buying drums, but I wholeheartedly back the use of the Adoro drums whether in church, or other live sound settings. And the fact that Calum Rees endorses them, confirms for me that.&#8221;<\/p>\n<p>&nbsp;<\/p>\n<h2>Let&#8217;s take a look:<\/h2>\n<p><iframe title=\"Adoro Worship Drum Series, Walnut Review by Noah Drums\" width=\"1200\" height=\"675\" src=\"https:\/\/www.youtube.com\/embed\/Ni6UoQL3RE0?feature=oembed\" frameborder=\"0\" allow=\"accelerometer; autoplay; clipboard-write; encrypted-media; gyroscope; picture-in-picture\" allowfullscreen><\/iframe><\/p>\n<p><iframe title=\"#32 Solving Drum Volume Issues:  Drum &amp; Cymbal Quality\" width=\"1200\" height=\"675\" src=\"https:\/\/www.youtube.com\/embed\/LRuZdr8AB7M?start=60&#038;feature=oembed\" frameborder=\"0\" allow=\"accelerometer; autoplay; clipboard-write; encrypted-media; gyroscope; picture-in-picture\" allowfullscreen><\/iframe><\/p>\n<p><iframe title=\"#30 Solving Drum Volume Issues: Dynamic Control\" width=\"1200\" height=\"675\" src=\"https:\/\/www.youtube.com\/embed\/iQwi2dHIPJU?start=99&#038;feature=oembed\" frameborder=\"0\" allow=\"accelerometer; autoplay; clipboard-write; encrypted-media; gyroscope; picture-in-picture\" allowfullscreen><\/iframe><\/p>","protected":false},"excerpt":{"rendered":"<h3>Worship Set w\/100% Maple Shells!<\/h3>\n<h4>Champagne Sparkle Finish<\/h4>\n<h4>5piece Shell Set:<\/h4>\n<p><strong>20\u00d716\u2033 Bass Drum<\/strong>6mm, un son riche, rond et percutant. Cette grosse caisse de 18 pouces prodigue un son in\u00e9dit pour une grosse caisse de cette taille.<\/p>\n<p><strong>13\u00d76\u2033 Walnut Snare Drum (cs finish)<\/strong>5mm, Super Hoops, snare wire personnalis\u00e9 en bronze phosphoreux. Grande plage d'accordage et caract\u00e8re chaleureux. En option : caisse claire en \u00e9rable 12\u00d76.<\/p>\n<p><strong>10\u00d76\u2033 &amp; 12\u00d77\u2033 Toms<\/strong>Le support de tom est de 9,5 mm, avec des supports de suspension et des supports de tom pour le montage de la tige en L \u00e0 partir de 9,5 mm, y compris le support de tom. Tr\u00e8s r\u00e9sonant avec une gamme d'accord \u00e9lev\u00e9e.<\/p>\n<p><strong>14\u00d711\u2033 Floor Tom<\/strong>5mm. Ce tom basse a un son chaud et profond, gr\u00e2ce \u00e0 sa taille peu profonde, il est \u00e9galement contr\u00f4l\u00e9 et sa tonalit\u00e9 est bien d\u00e9finie.<\/p>\n<p>Gr\u00e2ce \u00e0 ses f\u00fbts peu profonds, la batterie r\u00e9agit rapidement et pr\u00e9cis\u00e9ment. Tous les f\u00fbts sont dot\u00e9s de bords d'appui \u00e0 45\u00b0 coup\u00e9s individuellement, ponc\u00e9s manuellement et un peu arrondis du c\u00f4t\u00e9 frappe. Un son doux et chaleureux garanti ! Dans l'ensemble, un son bien \u00e9quilibr\u00e9, ouvert et chaud, comme celui recherch\u00e9 dans la musique rock et jazz. En comparaison directe avec les  f\u00fbts en noyer, les f\u00fbts en \u00e9rable ont un peu plus de punch et un peu moins de fond, surtout pour la grosse caisse, ce qui en fait le premier choix pour la plupart des genres musicaux.<\/p>\n<h4>Drum Heads:<\/h4>\n<p>Adoro Heritage \/ Classic SD (Toms), SD Coated\/ Heritage (Bass Drum), Heritage \/ Resonance (Snare)<br \/>\nRecommand\u00e9 pour un long sustain et une attaque r\u00e9duite. Parfait pour les pi\u00e8ces \u00e0 sonorit\u00e9 claire.<\/p>","protected":false},"featured_media":10227,"comment_status":"open","ping_status":"closed","template":"","meta":[],"product_brand":[],"product_cat":[136],"product_tag":[137,138,139,142,147,148,145,140,141,143,144,146,149],"class_list":{"0":"post-14526","1":"product","2":"type-product","3":"status-publish","4":"has-post-thumbnail","6":"product_cat-adoro-worship-series","7":"product_tag-adoro","8":"product_tag-adorodrums","9":"product_tag-adoroworship","10":"product_tag-customdrums","11":"product_tag-germandrums","12":"product_tag-handmadedrums","13":"product_tag-highenddrums","14":"product_tag-lowvolumedrumming","15":"product_tag-lowvolumedrums","16":"product_tag-mapledrums","17":"product_tag-vintagedrums","18":"product_tag-workingdrummer","19":"product_tag-worshipdrums","20":"description-off","22":"first","23":"instock","24":"sale","25":"taxable","26":"shipping-taxable","27":"purchasable","28":"product-type-simple"},"yoast_head":"<!-- This site is optimized with the Yoast SEO plugin v27.1.1 - https:\/\/yoast.com\/product\/yoast-seo-wordpress\/ -->\n<title>Adoro Worship Series Maple Champagne (20&quot; Kick) - Adoro Drums Web Shop<\/title>\n<meta name=\"description\" content=\"Adoro Worship series in champagne sparkle laquer finish. Maple shells, 4.5mm thin, provide a warm, rich tone while being playable more quiet.\" \/>\n<meta name=\"robots\" content=\"index, follow, max-snippet:-1, max-image-preview:large, max-video-preview:-1\" \/>\n<link rel=\"canonical\" href=\"https:\/\/silent-sticks.com\/fr\/produkt\/adoro-worship-series-maple-champagne-20-kick\/\" \/>\n<meta property=\"og:locale\" content=\"fr_FR\" \/>\n<meta property=\"og:type\" content=\"article\" \/>\n<meta property=\"og:title\" content=\"Adoro Worship Series Maple Champagne (20&quot; Kick) - Adoro Drums Web Shop\" \/>\n<meta property=\"og:description\" content=\"Adoro Worship series in champagne sparkle laquer finish. Maple shells, 4.5mm thin, provide a warm, rich tone while being playable more quiet.\" \/>\n<meta property=\"og:url\" content=\"https:\/\/silent-sticks.com\/fr\/produkt\/adoro-worship-series-maple-champagne-20-kick\/\" \/>\n<meta property=\"og:site_name\" content=\"Adoro Drums Web Shop\" \/>\n<meta property=\"article:publisher\" content=\"https:\/\/facebook.com\/adorodrums\" \/>\n<meta property=\"article:modified_time\" content=\"2025-09-12T07:47:36+00:00\" \/>\n<meta property=\"og:image\" content=\"https:\/\/silent-sticks.com\/wp-content\/uploads\/2020\/05\/champagne_neu-scaled.jpg\" \/>\n\t<meta property=\"og:image:width\" content=\"2560\" \/>\n\t<meta property=\"og:image:height\" content=\"2015\" \/>\n\t<meta property=\"og:image:type\" content=\"image\/jpeg\" \/>\n<meta name=\"twitter:card\" content=\"summary_large_image\" \/>\n<meta name=\"twitter:site\" content=\"@adorodrums\" \/>\n<meta name=\"twitter:label1\" content=\"Dur\u00e9e de lecture estim\u00e9e\" \/>\n\t<meta name=\"twitter:data1\" content=\"4 minutes\" \/>\n<script type=\"application\/ld+json\" class=\"yoast-schema-graph\">{\"@context\":\"https:\/\/schema.org\",\"@graph\":[{\"@type\":\"WebPage\",\"@id\":\"https:\/\/silent-sticks.com\/produkt\/adoro-worship-series-maple-champagne-20-kick\/\",\"url\":\"https:\/\/silent-sticks.com\/produkt\/adoro-worship-series-maple-champagne-20-kick\/\",\"name\":\"Adoro Worship Series Maple Champagne (20\\\" Kick) - Adoro Drums Web Shop\",\"isPartOf\":{\"@id\":\"https:\/\/silent-sticks.com\/#website\"},\"primaryImageOfPage\":{\"@id\":\"https:\/\/silent-sticks.com\/produkt\/adoro-worship-series-maple-champagne-20-kick\/#primaryimage\"},\"image\":{\"@id\":\"https:\/\/silent-sticks.com\/produkt\/adoro-worship-series-maple-champagne-20-kick\/#primaryimage\"},\"thumbnailUrl\":\"https:\/\/silent-sticks.com\/wp-content\/uploads\/2020\/05\/champagne_neu-scaled.jpg\",\"datePublished\":\"2021-02-10T09:09:24+00:00\",\"dateModified\":\"2025-09-12T07:47:36+00:00\",\"description\":\"Adoro Worship series in champagne sparkle laquer finish. Maple shells, 4.5mm thin, provide a warm, rich tone while being playable more quiet.\",\"breadcrumb\":{\"@id\":\"https:\/\/silent-sticks.com\/produkt\/adoro-worship-series-maple-champagne-20-kick\/#breadcrumb\"},\"inLanguage\":\"fr-FR\",\"potentialAction\":[{\"@type\":\"ReadAction\",\"target\":[\"https:\/\/silent-sticks.com\/produkt\/adoro-worship-series-maple-champagne-20-kick\/\"]}]},{\"@type\":\"ImageObject\",\"inLanguage\":\"fr-FR\",\"@id\":\"https:\/\/silent-sticks.com\/produkt\/adoro-worship-series-maple-champagne-20-kick\/#primaryimage\",\"url\":\"https:\/\/silent-sticks.com\/wp-content\/uploads\/2020\/05\/champagne_neu-scaled.jpg\",\"contentUrl\":\"https:\/\/silent-sticks.com\/wp-content\/uploads\/2020\/05\/champagne_neu-scaled.jpg\",\"width\":2560,\"height\":2015},{\"@type\":\"BreadcrumbList\",\"@id\":\"https:\/\/silent-sticks.com\/produkt\/adoro-worship-series-maple-champagne-20-kick\/#breadcrumb\",\"itemListElement\":[{\"@type\":\"ListItem\",\"position\":1,\"name\":\"Home\",\"item\":\"https:\/\/silent-sticks.com\/\"},{\"@type\":\"ListItem\",\"position\":2,\"name\":\"Shop\",\"item\":\"https:\/\/silent-sticks.com\/shop\/\"},{\"@type\":\"ListItem\",\"position\":3,\"name\":\"Adoro Worship Series Maple Champagne (20&#8243; Kick)\"}]},{\"@type\":\"WebSite\",\"@id\":\"https:\/\/silent-sticks.com\/#website\",\"url\":\"https:\/\/silent-sticks.com\/\",\"name\":\"Adoro Drums Web Shop\",\"description\":\"Home of Silent Sticks &amp; Beater. And awesome drums.\",\"publisher\":{\"@id\":\"https:\/\/silent-sticks.com\/#organization\"},\"potentialAction\":[{\"@type\":\"SearchAction\",\"target\":{\"@type\":\"EntryPoint\",\"urlTemplate\":\"https:\/\/silent-sticks.com\/?s={search_term_string}\"},\"query-input\":{\"@type\":\"PropertyValueSpecification\",\"valueRequired\":true,\"valueName\":\"search_term_string\"}}],\"inLanguage\":\"fr-FR\"},{\"@type\":\"Organization\",\"@id\":\"https:\/\/silent-sticks.com\/#organization\",\"name\":\"Adoro Drums USA\",\"url\":\"https:\/\/silent-sticks.com\/\",\"logo\":{\"@type\":\"ImageObject\",\"inLanguage\":\"fr-FR\",\"@id\":\"https:\/\/silent-sticks.com\/#\/schema\/logo\/image\/\",\"url\":\"https:\/\/silent-sticks.com\/wp-content\/uploads\/2020\/05\/adoro-Logo-simplified_black.svg\",\"contentUrl\":\"https:\/\/silent-sticks.com\/wp-content\/uploads\/2020\/05\/adoro-Logo-simplified_black.svg\",\"width\":138,\"height\":68,\"caption\":\"Adoro Drums USA\"},\"image\":{\"@id\":\"https:\/\/silent-sticks.com\/#\/schema\/logo\/image\/\"},\"sameAs\":[\"https:\/\/facebook.com\/adorodrums\",\"https:\/\/x.com\/adorodrums\"]}]}<\/script>\n<!-- \/ Yoast SEO plugin. -->","yoast_head_json":{"title":"Adoro Worship Series Maple Champagne (20\" Kick) - Adoro Drums Web Shop","description":"Adoro Worship series in champagne sparkle laquer finish. Maple shells, 4.5mm thin, provide a warm, rich tone while being playable more quiet.","robots":{"index":"index","follow":"follow","max-snippet":"max-snippet:-1","max-image-preview":"max-image-preview:large","max-video-preview":"max-video-preview:-1"},"canonical":"https:\/\/silent-sticks.com\/fr\/produkt\/adoro-worship-series-maple-champagne-20-kick\/","og_locale":"fr_FR","og_type":"article","og_title":"Adoro Worship Series Maple Champagne (20\" Kick) - Adoro Drums Web Shop","og_description":"Adoro Worship series in champagne sparkle laquer finish. Maple shells, 4.5mm thin, provide a warm, rich tone while being playable more quiet.","og_url":"https:\/\/silent-sticks.com\/fr\/produkt\/adoro-worship-series-maple-champagne-20-kick\/","og_site_name":"Adoro Drums Web Shop","article_publisher":"https:\/\/facebook.com\/adorodrums","article_modified_time":"2025-09-12T07:47:36+00:00","og_image":[{"width":2560,"height":2015,"url":"https:\/\/silent-sticks.com\/wp-content\/uploads\/2020\/05\/champagne_neu-scaled.jpg","type":"image\/jpeg"}],"twitter_card":"summary_large_image","twitter_site":"@adorodrums","twitter_misc":{"Dur\u00e9e de lecture estim\u00e9e":"4 minutes"},"schema":{"@context":"https:\/\/schema.org","@graph":[{"@type":"WebPage","@id":"https:\/\/silent-sticks.com\/produkt\/adoro-worship-series-maple-champagne-20-kick\/","url":"https:\/\/silent-sticks.com\/produkt\/adoro-worship-series-maple-champagne-20-kick\/","name":"Adoro Worship Series Maple Champagne (20\" Kick) - Adoro Drums Web Shop","isPartOf":{"@id":"https:\/\/silent-sticks.com\/#website"},"primaryImageOfPage":{"@id":"https:\/\/silent-sticks.com\/produkt\/adoro-worship-series-maple-champagne-20-kick\/#primaryimage"},"image":{"@id":"https:\/\/silent-sticks.com\/produkt\/adoro-worship-series-maple-champagne-20-kick\/#primaryimage"},"thumbnailUrl":"https:\/\/silent-sticks.com\/wp-content\/uploads\/2020\/05\/champagne_neu-scaled.jpg","datePublished":"2021-02-10T09:09:24+00:00","dateModified":"2025-09-12T07:47:36+00:00","description":"Adoro Worship series in champagne sparkle laquer finish. Maple shells, 4.5mm thin, provide a warm, rich tone while being playable more quiet.","breadcrumb":{"@id":"https:\/\/silent-sticks.com\/produkt\/adoro-worship-series-maple-champagne-20-kick\/#breadcrumb"},"inLanguage":"fr-FR","potentialAction":[{"@type":"ReadAction","target":["https:\/\/silent-sticks.com\/produkt\/adoro-worship-series-maple-champagne-20-kick\/"]}]},{"@type":"ImageObject","inLanguage":"fr-FR","@id":"https:\/\/silent-sticks.com\/produkt\/adoro-worship-series-maple-champagne-20-kick\/#primaryimage","url":"https:\/\/silent-sticks.com\/wp-content\/uploads\/2020\/05\/champagne_neu-scaled.jpg","contentUrl":"https:\/\/silent-sticks.com\/wp-content\/uploads\/2020\/05\/champagne_neu-scaled.jpg","width":2560,"height":2015},{"@type":"BreadcrumbList","@id":"https:\/\/silent-sticks.com\/produkt\/adoro-worship-series-maple-champagne-20-kick\/#breadcrumb","itemListElement":[{"@type":"ListItem","position":1,"name":"Home","item":"https:\/\/silent-sticks.com\/"},{"@type":"ListItem","position":2,"name":"Shop","item":"https:\/\/silent-sticks.com\/shop\/"},{"@type":"ListItem","position":3,"name":"Adoro Worship Series Maple Champagne (20&#8243; Kick)"}]},{"@type":"WebSite","@id":"https:\/\/silent-sticks.com\/#website","url":"https:\/\/silent-sticks.com\/","name":"Adoro Drums Web Shop","description":"Home of Silent Sticks &amp; Beater. And awesome drums.","publisher":{"@id":"https:\/\/silent-sticks.com\/#organization"},"potentialAction":[{"@type":"SearchAction","target":{"@type":"EntryPoint","urlTemplate":"https:\/\/silent-sticks.com\/?s={search_term_string}"},"query-input":{"@type":"PropertyValueSpecification","valueRequired":true,"valueName":"search_term_string"}}],"inLanguage":"fr-FR"},{"@type":"Organization","@id":"https:\/\/silent-sticks.com\/#organization","name":"Adoro Drums USA","url":"https:\/\/silent-sticks.com\/","logo":{"@type":"ImageObject","inLanguage":"fr-FR","@id":"https:\/\/silent-sticks.com\/#\/schema\/logo\/image\/","url":"https:\/\/silent-sticks.com\/wp-content\/uploads\/2020\/05\/adoro-Logo-simplified_black.svg","contentUrl":"https:\/\/silent-sticks.com\/wp-content\/uploads\/2020\/05\/adoro-Logo-simplified_black.svg","width":138,"height":68,"caption":"Adoro Drums USA"},"image":{"@id":"https:\/\/silent-sticks.com\/#\/schema\/logo\/image\/"},"sameAs":["https:\/\/facebook.com\/adorodrums","https:\/\/x.com\/adorodrums"]}]}},"jetpack_sharing_enabled":true,"_links":{"self":[{"href":"https:\/\/silent-sticks.com\/fr\/wp-json\/wp\/v2\/product\/14526","targetHints":{"allow":["GET"]}}],"collection":[{"href":"https:\/\/silent-sticks.com\/fr\/wp-json\/wp\/v2\/product"}],"about":[{"href":"https:\/\/silent-sticks.com\/fr\/wp-json\/wp\/v2\/types\/product"}],"replies":[{"embeddable":true,"href":"https:\/\/silent-sticks.com\/fr\/wp-json\/wp\/v2\/comments?post=14526"}],"version-history":[{"count":1,"href":"https:\/\/silent-sticks.com\/fr\/wp-json\/wp\/v2\/product\/14526\/revisions"}],"predecessor-version":[{"id":24767,"href":"https:\/\/silent-sticks.com\/fr\/wp-json\/wp\/v2\/product\/14526\/revisions\/24767"}],"wp:featuredmedia":[{"embeddable":true,"href":"https:\/\/silent-sticks.com\/fr\/wp-json\/wp\/v2\/media\/10227"}],"wp:attachment":[{"href":"https:\/\/silent-sticks.com\/fr\/wp-json\/wp\/v2\/media?parent=14526"}],"wp:term":[{"taxonomy":"product_brand","embeddable":true,"href":"https:\/\/silent-sticks.com\/fr\/wp-json\/wp\/v2\/product_brand?post=14526"},{"taxonomy":"product_cat","embeddable":true,"href":"https:\/\/silent-sticks.com\/fr\/wp-json\/wp\/v2\/product_cat?post=14526"},{"taxonomy":"product_tag","embeddable":true,"href":"https:\/\/silent-sticks.com\/fr\/wp-json\/wp\/v2\/product_tag?post=14526"}],"curies":[{"name":"wp","href":"https:\/\/api.w.org\/{rel}","templated":true}]}}