{"id":25867,"date":"2025-06-17T03:00:16","date_gmt":"2025-06-17T07:00:16","guid":{"rendered":"https:\/\/silent-sticks.com\/?post_type=product&#038;p=25867"},"modified":"2025-07-22T16:50:10","modified_gmt":"2025-07-22T20:50:10","slug":"adoro-dp-classic-clear","status":"publish","type":"product","link":"https:\/\/silent-sticks.com\/fr\/produkt\/adoro-dp-classic-clear\/","title":{"rendered":"Adoro DP Classic Clear"},"content":{"rendered":"<p>Doppellagiges Mylar-Fell. Das DP Classic ist ein extrem stabiles, langlebieges Fell mit ordentlich Punch, gut definierten Grundton und wenig Obert\u00f6nen.<\/p>\n<p>Schlagzeuge k\u00f6nnen nur so gut klingen wie ihre Felle. Dank bew\u00e4hrter Materialien und hervorragender Verarbeitung sind alle Adoro Felle von bester Qualit\u00e4t und sehr stimmstabil.<\/p>","protected":false},"excerpt":{"rendered":"<p>Double-ply durable Mylar head with plenty of punch and a defined fundamental tone, available in sizes 8\u201318 inches.<\/p>","protected":false},"featured_media":25828,"comment_status":"open","ping_status":"closed","template":"","meta":[],"product_brand":[],"product_cat":[406,394,397,389],"product_tag":[137,402,407,400,408,391,409,404,401],"class_list":{"0":"post-25867","1":"product","2":"type-product","3":"status-publish","4":"has-post-thumbnail","6":"product_cat-dp-classic-clear","7":"product_cat-drum-heads","8":"product_cat-tom-ft-heads","9":"product_cat-adoro-heads","10":"product_tag-adoro","11":"product_tag-batter","12":"product_tag-clear","13":"product_tag-doubleply","14":"product_tag-dpclassicclear","15":"product_tag-drumhead","16":"product_tag-h8","17":"product_tag-hadoro","18":"product_tag-htom","19":"product_shipping_class-drumheads","20":"description-off","22":"first","23":"instock","24":"taxable","25":"shipping-taxable","26":"product-type-grouped"},"yoast_head":"<!-- This site is optimized with the Yoast SEO plugin v27.1.1 - https:\/\/yoast.com\/product\/yoast-seo-wordpress\/ -->\n<title>Adoro DP Classic Clear - Adoro Drums Web Shop<\/title>\n<meta name=\"robots\" content=\"index, follow, max-snippet:-1, max-image-preview:large, max-video-preview:-1\" \/>\n<link rel=\"canonical\" href=\"https:\/\/silent-sticks.com\/fr\/produkt\/adoro-dp-classic-clear\/\" \/>\n<meta property=\"og:locale\" content=\"fr_FR\" \/>\n<meta property=\"og:type\" content=\"article\" \/>\n<meta property=\"og:title\" content=\"Adoro DP Classic Clear - Adoro Drums Web Shop\" \/>\n<meta property=\"og:description\" content=\"Double-ply durable Mylar head with plenty of punch and a defined fundamental tone, available in sizes 8\u201318 inches.\" \/>\n<meta property=\"og:url\" content=\"https:\/\/silent-sticks.com\/fr\/produkt\/adoro-dp-classic-clear\/\" \/>\n<meta property=\"og:site_name\" content=\"Adoro Drums Web Shop\" \/>\n<meta property=\"article:publisher\" content=\"https:\/\/facebook.com\/adorodrums\" \/>\n<meta property=\"article:modified_time\" content=\"2025-07-22T20:50:10+00:00\" \/>\n<meta property=\"og:image\" content=\"https:\/\/silent-sticks.com\/wp-content\/uploads\/2025\/06\/DP-Classic-Coated.jpg\" \/>\n\t<meta property=\"og:image:width\" content=\"686\" \/>\n\t<meta property=\"og:image:height\" content=\"457\" \/>\n\t<meta property=\"og:image:type\" content=\"image\/jpeg\" \/>\n<meta name=\"twitter:card\" content=\"summary_large_image\" \/>\n<meta name=\"twitter:site\" content=\"@adorodrums\" \/>\n<meta name=\"twitter:label1\" content=\"Dur\u00e9e de lecture estim\u00e9e\" \/>\n\t<meta name=\"twitter:data1\" content=\"1 minute\" \/>\n<script type=\"application\/ld+json\" class=\"yoast-schema-graph\">{\"@context\":\"https:\/\/schema.org\",\"@graph\":[{\"@type\":\"WebPage\",\"@id\":\"https:\/\/silent-sticks.com\/produkt\/adoro-dp-classic-clear\/\",\"url\":\"https:\/\/silent-sticks.com\/produkt\/adoro-dp-classic-clear\/\",\"name\":\"Adoro DP Classic Clear - Adoro Drums Web Shop\",\"isPartOf\":{\"@id\":\"https:\/\/silent-sticks.com\/#website\"},\"primaryImageOfPage\":{\"@id\":\"https:\/\/silent-sticks.com\/produkt\/adoro-dp-classic-clear\/#primaryimage\"},\"image\":{\"@id\":\"https:\/\/silent-sticks.com\/produkt\/adoro-dp-classic-clear\/#primaryimage\"},\"thumbnailUrl\":\"https:\/\/silent-sticks.com\/wp-content\/uploads\/2025\/06\/DP-Classic-Coated.jpg\",\"datePublished\":\"2025-06-17T07:00:16+00:00\",\"dateModified\":\"2025-07-22T20:50:10+00:00\",\"breadcrumb\":{\"@id\":\"https:\/\/silent-sticks.com\/produkt\/adoro-dp-classic-clear\/#breadcrumb\"},\"inLanguage\":\"fr-FR\",\"potentialAction\":[{\"@type\":\"ReadAction\",\"target\":[\"https:\/\/silent-sticks.com\/produkt\/adoro-dp-classic-clear\/\"]}]},{\"@type\":\"ImageObject\",\"inLanguage\":\"fr-FR\",\"@id\":\"https:\/\/silent-sticks.com\/produkt\/adoro-dp-classic-clear\/#primaryimage\",\"url\":\"https:\/\/silent-sticks.com\/wp-content\/uploads\/2025\/06\/DP-Classic-Coated.jpg\",\"contentUrl\":\"https:\/\/silent-sticks.com\/wp-content\/uploads\/2025\/06\/DP-Classic-Coated.jpg\",\"width\":686,\"height\":457},{\"@type\":\"BreadcrumbList\",\"@id\":\"https:\/\/silent-sticks.com\/produkt\/adoro-dp-classic-clear\/#breadcrumb\",\"itemListElement\":[{\"@type\":\"ListItem\",\"position\":1,\"name\":\"Home\",\"item\":\"https:\/\/silent-sticks.com\/\"},{\"@type\":\"ListItem\",\"position\":2,\"name\":\"Shop\",\"item\":\"https:\/\/silent-sticks.com\/shop\/\"},{\"@type\":\"ListItem\",\"position\":3,\"name\":\"Adoro DP Classic Clear\"}]},{\"@type\":\"WebSite\",\"@id\":\"https:\/\/silent-sticks.com\/#website\",\"url\":\"https:\/\/silent-sticks.com\/\",\"name\":\"Adoro Drums Web Shop\",\"description\":\"Home of Silent Sticks &amp; Beater. And awesome drums.\",\"publisher\":{\"@id\":\"https:\/\/silent-sticks.com\/#organization\"},\"potentialAction\":[{\"@type\":\"SearchAction\",\"target\":{\"@type\":\"EntryPoint\",\"urlTemplate\":\"https:\/\/silent-sticks.com\/?s={search_term_string}\"},\"query-input\":{\"@type\":\"PropertyValueSpecification\",\"valueRequired\":true,\"valueName\":\"search_term_string\"}}],\"inLanguage\":\"fr-FR\"},{\"@type\":\"Organization\",\"@id\":\"https:\/\/silent-sticks.com\/#organization\",\"name\":\"Adoro Drums USA\",\"url\":\"https:\/\/silent-sticks.com\/\",\"logo\":{\"@type\":\"ImageObject\",\"inLanguage\":\"fr-FR\",\"@id\":\"https:\/\/silent-sticks.com\/#\/schema\/logo\/image\/\",\"url\":\"https:\/\/silent-sticks.com\/wp-content\/uploads\/2020\/05\/adoro-Logo-simplified_black.svg\",\"contentUrl\":\"https:\/\/silent-sticks.com\/wp-content\/uploads\/2020\/05\/adoro-Logo-simplified_black.svg\",\"width\":138,\"height\":68,\"caption\":\"Adoro Drums USA\"},\"image\":{\"@id\":\"https:\/\/silent-sticks.com\/#\/schema\/logo\/image\/\"},\"sameAs\":[\"https:\/\/facebook.com\/adorodrums\",\"https:\/\/x.com\/adorodrums\"]}]}<\/script>\n<!-- \/ Yoast SEO plugin. -->","yoast_head_json":{"title":"Adoro DP Classic Clear - Adoro Drums Web Shop","robots":{"index":"index","follow":"follow","max-snippet":"max-snippet:-1","max-image-preview":"max-image-preview:large","max-video-preview":"max-video-preview:-1"},"canonical":"https:\/\/silent-sticks.com\/fr\/produkt\/adoro-dp-classic-clear\/","og_locale":"fr_FR","og_type":"article","og_title":"Adoro DP Classic Clear - Adoro Drums Web Shop","og_description":"Double-ply durable Mylar head with plenty of punch and a defined fundamental tone, available in sizes 8\u201318 inches.","og_url":"https:\/\/silent-sticks.com\/fr\/produkt\/adoro-dp-classic-clear\/","og_site_name":"Adoro Drums Web Shop","article_publisher":"https:\/\/facebook.com\/adorodrums","article_modified_time":"2025-07-22T20:50:10+00:00","og_image":[{"width":686,"height":457,"url":"https:\/\/silent-sticks.com\/wp-content\/uploads\/2025\/06\/DP-Classic-Coated.jpg","type":"image\/jpeg"}],"twitter_card":"summary_large_image","twitter_site":"@adorodrums","twitter_misc":{"Dur\u00e9e de lecture estim\u00e9e":"1 minute"},"schema":{"@context":"https:\/\/schema.org","@graph":[{"@type":"WebPage","@id":"https:\/\/silent-sticks.com\/produkt\/adoro-dp-classic-clear\/","url":"https:\/\/silent-sticks.com\/produkt\/adoro-dp-classic-clear\/","name":"Adoro DP Classic Clear - Adoro Drums Web Shop","isPartOf":{"@id":"https:\/\/silent-sticks.com\/#website"},"primaryImageOfPage":{"@id":"https:\/\/silent-sticks.com\/produkt\/adoro-dp-classic-clear\/#primaryimage"},"image":{"@id":"https:\/\/silent-sticks.com\/produkt\/adoro-dp-classic-clear\/#primaryimage"},"thumbnailUrl":"https:\/\/silent-sticks.com\/wp-content\/uploads\/2025\/06\/DP-Classic-Coated.jpg","datePublished":"2025-06-17T07:00:16+00:00","dateModified":"2025-07-22T20:50:10+00:00","breadcrumb":{"@id":"https:\/\/silent-sticks.com\/produkt\/adoro-dp-classic-clear\/#breadcrumb"},"inLanguage":"fr-FR","potentialAction":[{"@type":"ReadAction","target":["https:\/\/silent-sticks.com\/produkt\/adoro-dp-classic-clear\/"]}]},{"@type":"ImageObject","inLanguage":"fr-FR","@id":"https:\/\/silent-sticks.com\/produkt\/adoro-dp-classic-clear\/#primaryimage","url":"https:\/\/silent-sticks.com\/wp-content\/uploads\/2025\/06\/DP-Classic-Coated.jpg","contentUrl":"https:\/\/silent-sticks.com\/wp-content\/uploads\/2025\/06\/DP-Classic-Coated.jpg","width":686,"height":457},{"@type":"BreadcrumbList","@id":"https:\/\/silent-sticks.com\/produkt\/adoro-dp-classic-clear\/#breadcrumb","itemListElement":[{"@type":"ListItem","position":1,"name":"Home","item":"https:\/\/silent-sticks.com\/"},{"@type":"ListItem","position":2,"name":"Shop","item":"https:\/\/silent-sticks.com\/shop\/"},{"@type":"ListItem","position":3,"name":"Adoro DP Classic Clear"}]},{"@type":"WebSite","@id":"https:\/\/silent-sticks.com\/#website","url":"https:\/\/silent-sticks.com\/","name":"Adoro Drums Web Shop","description":"Home of Silent Sticks &amp; Beater. And awesome drums.","publisher":{"@id":"https:\/\/silent-sticks.com\/#organization"},"potentialAction":[{"@type":"SearchAction","target":{"@type":"EntryPoint","urlTemplate":"https:\/\/silent-sticks.com\/?s={search_term_string}"},"query-input":{"@type":"PropertyValueSpecification","valueRequired":true,"valueName":"search_term_string"}}],"inLanguage":"fr-FR"},{"@type":"Organization","@id":"https:\/\/silent-sticks.com\/#organization","name":"Adoro Drums USA","url":"https:\/\/silent-sticks.com\/","logo":{"@type":"ImageObject","inLanguage":"fr-FR","@id":"https:\/\/silent-sticks.com\/#\/schema\/logo\/image\/","url":"https:\/\/silent-sticks.com\/wp-content\/uploads\/2020\/05\/adoro-Logo-simplified_black.svg","contentUrl":"https:\/\/silent-sticks.com\/wp-content\/uploads\/2020\/05\/adoro-Logo-simplified_black.svg","width":138,"height":68,"caption":"Adoro Drums USA"},"image":{"@id":"https:\/\/silent-sticks.com\/#\/schema\/logo\/image\/"},"sameAs":["https:\/\/facebook.com\/adorodrums","https:\/\/x.com\/adorodrums"]}]}},"jetpack_sharing_enabled":true,"_links":{"self":[{"href":"https:\/\/silent-sticks.com\/fr\/wp-json\/wp\/v2\/product\/25867","targetHints":{"allow":["GET"]}}],"collection":[{"href":"https:\/\/silent-sticks.com\/fr\/wp-json\/wp\/v2\/product"}],"about":[{"href":"https:\/\/silent-sticks.com\/fr\/wp-json\/wp\/v2\/types\/product"}],"replies":[{"embeddable":true,"href":"https:\/\/silent-sticks.com\/fr\/wp-json\/wp\/v2\/comments?post=25867"}],"version-history":[{"count":1,"href":"https:\/\/silent-sticks.com\/fr\/wp-json\/wp\/v2\/product\/25867\/revisions"}],"predecessor-version":[{"id":25897,"href":"https:\/\/silent-sticks.com\/fr\/wp-json\/wp\/v2\/product\/25867\/revisions\/25897"}],"wp:featuredmedia":[{"embeddable":true,"href":"https:\/\/silent-sticks.com\/fr\/wp-json\/wp\/v2\/media\/25828"}],"wp:attachment":[{"href":"https:\/\/silent-sticks.com\/fr\/wp-json\/wp\/v2\/media?parent=25867"}],"wp:term":[{"taxonomy":"product_brand","embeddable":true,"href":"https:\/\/silent-sticks.com\/fr\/wp-json\/wp\/v2\/product_brand?post=25867"},{"taxonomy":"product_cat","embeddable":true,"href":"https:\/\/silent-sticks.com\/fr\/wp-json\/wp\/v2\/product_cat?post=25867"},{"taxonomy":"product_tag","embeddable":true,"href":"https:\/\/silent-sticks.com\/fr\/wp-json\/wp\/v2\/product_tag?post=25867"}],"curies":[{"name":"wp","href":"https:\/\/api.w.org\/{rel}","templated":true}]}}