{"id":25876,"date":"2025-06-17T03:00:17","date_gmt":"2025-06-17T07:00:17","guid":{"rendered":"https:\/\/silent-sticks.com\/?post_type=product&#038;p=25876"},"modified":"2025-07-22T16:50:08","modified_gmt":"2025-07-22T20:50:08","slug":"adoro-sp-classic-coated-bd-26-with-muffler","status":"publish","type":"product","link":"https:\/\/silent-sticks.com\/fr\/produkt\/adoro-sp-classic-coated-bd-26-with-muffler\/","title":{"rendered":"Adoro SP Classic Coated BD 26&#8243; with Muffler"},"content":{"rendered":"<p>Single-ply Mylar head (0.250 mm). The SP Classic heads have a very open, transparent sound (slightly fewer overtones with coating). Suitable as both batter and resonant head. Drums can only sound as good as their heads. Thanks to proven materials and excellent craftsmanship, all Adoro heads are of the highest quality and very tuning-stable.<\/p>","protected":false},"excerpt":{"rendered":"<div class=\"ratingbox dummy\" title=\"Noch nicht bewertet\"><\/div>\n<div class=\"product-short-description\">Einlagig beschichtetes Mylar-Fell, wei\u00df beschichtet, mit D\u00e4mpfungsring ( Muffler ) in den Gr\u00f6\u00dfen 16 &#8211; 28&#8243;<\/div>","protected":false},"featured_media":25844,"comment_status":"open","ping_status":"closed","template":"","meta":[],"product_brand":[],"product_cat":[421,394,420,389],"product_tag":[137,402,399,391,436,404,419,401,424,422,417,425],"class_list":{"0":"post-25876","1":"product","2":"type-product","3":"status-publish","4":"has-post-thumbnail","6":"product_cat-bass-drum-heads","7":"product_cat-drum-heads","8":"product_cat-sp-classic-coated","9":"product_cat-adoro-heads","10":"product_tag-adoro","11":"product_tag-batter","12":"product_tag-coated","13":"product_tag-drumhead","14":"product_tag-h26","15":"product_tag-hadoro","16":"product_tag-hsnare","17":"product_tag-htom","18":"product_tag-muffled","19":"product_tag-reso","20":"product_tag-singleply","21":"product_tag-spclassicoated","22":"product_shipping_class-drumheads","23":"description-off","25":"first","26":"instock","27":"sale","28":"taxable","29":"shipping-taxable","30":"purchasable","31":"product-type-simple"},"yoast_head":"<!-- This site is optimized with the Yoast SEO plugin v27.1.1 - https:\/\/yoast.com\/product\/yoast-seo-wordpress\/ -->\n<title>Adoro SP Classic Coated BD 26&quot; with Muffler - Adoro Drums Web Shop<\/title>\n<meta name=\"robots\" content=\"index, follow, max-snippet:-1, max-image-preview:large, max-video-preview:-1\" \/>\n<link rel=\"canonical\" href=\"https:\/\/silent-sticks.com\/fr\/produkt\/adoro-sp-classic-coated-bd-26-with-muffler\/\" \/>\n<meta property=\"og:locale\" content=\"fr_FR\" \/>\n<meta property=\"og:type\" content=\"article\" \/>\n<meta property=\"og:title\" content=\"Adoro SP Classic Coated BD 26&quot; with Muffler - Adoro Drums Web Shop\" \/>\n<meta property=\"og:description\" content=\"Einlagig beschichtetes Mylar-Fell, wei\u00df beschichtet, mit D\u00e4mpfungsring ( Muffler ) in den Gr\u00f6\u00dfen 16 - 28&quot;\" \/>\n<meta property=\"og:url\" content=\"https:\/\/silent-sticks.com\/fr\/produkt\/adoro-sp-classic-coated-bd-26-with-muffler\/\" \/>\n<meta property=\"og:site_name\" content=\"Adoro Drums Web Shop\" \/>\n<meta property=\"article:publisher\" content=\"https:\/\/facebook.com\/adorodrums\" \/>\n<meta property=\"article:modified_time\" content=\"2025-07-22T20:50:08+00:00\" \/>\n<meta property=\"og:image\" content=\"https:\/\/silent-sticks.com\/wp-content\/uploads\/2025\/06\/SP-Coated-BD_2023_adoro-scaled-1.jpg\" \/>\n\t<meta property=\"og:image:width\" content=\"2560\" \/>\n\t<meta property=\"og:image:height\" content=\"2560\" \/>\n\t<meta property=\"og:image:type\" content=\"image\/jpeg\" \/>\n<meta name=\"twitter:card\" content=\"summary_large_image\" \/>\n<meta name=\"twitter:site\" content=\"@adorodrums\" \/>\n<meta name=\"twitter:label1\" content=\"Dur\u00e9e de lecture estim\u00e9e\" \/>\n\t<meta name=\"twitter:data1\" content=\"1 minute\" \/>\n<script type=\"application\/ld+json\" class=\"yoast-schema-graph\">{\"@context\":\"https:\/\/schema.org\",\"@graph\":[{\"@type\":\"WebPage\",\"@id\":\"https:\/\/silent-sticks.com\/produkt\/adoro-sp-classic-coated-bd-26-with-muffler\/\",\"url\":\"https:\/\/silent-sticks.com\/produkt\/adoro-sp-classic-coated-bd-26-with-muffler\/\",\"name\":\"Adoro SP Classic Coated BD 26\\\" with Muffler - Adoro Drums Web Shop\",\"isPartOf\":{\"@id\":\"https:\/\/silent-sticks.com\/#website\"},\"primaryImageOfPage\":{\"@id\":\"https:\/\/silent-sticks.com\/produkt\/adoro-sp-classic-coated-bd-26-with-muffler\/#primaryimage\"},\"image\":{\"@id\":\"https:\/\/silent-sticks.com\/produkt\/adoro-sp-classic-coated-bd-26-with-muffler\/#primaryimage\"},\"thumbnailUrl\":\"https:\/\/silent-sticks.com\/wp-content\/uploads\/2025\/06\/SP-Coated-BD_2023_adoro-scaled-1.jpg\",\"datePublished\":\"2025-06-17T07:00:17+00:00\",\"dateModified\":\"2025-07-22T20:50:08+00:00\",\"breadcrumb\":{\"@id\":\"https:\/\/silent-sticks.com\/produkt\/adoro-sp-classic-coated-bd-26-with-muffler\/#breadcrumb\"},\"inLanguage\":\"fr-FR\",\"potentialAction\":[{\"@type\":\"ReadAction\",\"target\":[\"https:\/\/silent-sticks.com\/produkt\/adoro-sp-classic-coated-bd-26-with-muffler\/\"]}]},{\"@type\":\"ImageObject\",\"inLanguage\":\"fr-FR\",\"@id\":\"https:\/\/silent-sticks.com\/produkt\/adoro-sp-classic-coated-bd-26-with-muffler\/#primaryimage\",\"url\":\"https:\/\/silent-sticks.com\/wp-content\/uploads\/2025\/06\/SP-Coated-BD_2023_adoro-scaled-1.jpg\",\"contentUrl\":\"https:\/\/silent-sticks.com\/wp-content\/uploads\/2025\/06\/SP-Coated-BD_2023_adoro-scaled-1.jpg\",\"width\":2560,\"height\":2560},{\"@type\":\"BreadcrumbList\",\"@id\":\"https:\/\/silent-sticks.com\/produkt\/adoro-sp-classic-coated-bd-26-with-muffler\/#breadcrumb\",\"itemListElement\":[{\"@type\":\"ListItem\",\"position\":1,\"name\":\"Home\",\"item\":\"https:\/\/silent-sticks.com\/\"},{\"@type\":\"ListItem\",\"position\":2,\"name\":\"Shop\",\"item\":\"https:\/\/silent-sticks.com\/shop\/\"},{\"@type\":\"ListItem\",\"position\":3,\"name\":\"Adoro SP Classic Coated BD 26&#8243; with Muffler\"}]},{\"@type\":\"WebSite\",\"@id\":\"https:\/\/silent-sticks.com\/#website\",\"url\":\"https:\/\/silent-sticks.com\/\",\"name\":\"Adoro Drums Web Shop\",\"description\":\"Home of Silent Sticks &amp; Beater. And awesome drums.\",\"publisher\":{\"@id\":\"https:\/\/silent-sticks.com\/#organization\"},\"potentialAction\":[{\"@type\":\"SearchAction\",\"target\":{\"@type\":\"EntryPoint\",\"urlTemplate\":\"https:\/\/silent-sticks.com\/?s={search_term_string}\"},\"query-input\":{\"@type\":\"PropertyValueSpecification\",\"valueRequired\":true,\"valueName\":\"search_term_string\"}}],\"inLanguage\":\"fr-FR\"},{\"@type\":\"Organization\",\"@id\":\"https:\/\/silent-sticks.com\/#organization\",\"name\":\"Adoro Drums USA\",\"url\":\"https:\/\/silent-sticks.com\/\",\"logo\":{\"@type\":\"ImageObject\",\"inLanguage\":\"fr-FR\",\"@id\":\"https:\/\/silent-sticks.com\/#\/schema\/logo\/image\/\",\"url\":\"https:\/\/silent-sticks.com\/wp-content\/uploads\/2020\/05\/adoro-Logo-simplified_black.svg\",\"contentUrl\":\"https:\/\/silent-sticks.com\/wp-content\/uploads\/2020\/05\/adoro-Logo-simplified_black.svg\",\"width\":138,\"height\":68,\"caption\":\"Adoro Drums USA\"},\"image\":{\"@id\":\"https:\/\/silent-sticks.com\/#\/schema\/logo\/image\/\"},\"sameAs\":[\"https:\/\/facebook.com\/adorodrums\",\"https:\/\/x.com\/adorodrums\"]}]}<\/script>\n<!-- \/ Yoast SEO plugin. -->","yoast_head_json":{"title":"Adoro SP Classic Coated BD 26\" with Muffler - Adoro Drums Web Shop","robots":{"index":"index","follow":"follow","max-snippet":"max-snippet:-1","max-image-preview":"max-image-preview:large","max-video-preview":"max-video-preview:-1"},"canonical":"https:\/\/silent-sticks.com\/fr\/produkt\/adoro-sp-classic-coated-bd-26-with-muffler\/","og_locale":"fr_FR","og_type":"article","og_title":"Adoro SP Classic Coated BD 26\" with Muffler - Adoro Drums Web Shop","og_description":"Einlagig beschichtetes Mylar-Fell, wei\u00df beschichtet, mit D\u00e4mpfungsring ( Muffler ) in den Gr\u00f6\u00dfen 16 - 28\"","og_url":"https:\/\/silent-sticks.com\/fr\/produkt\/adoro-sp-classic-coated-bd-26-with-muffler\/","og_site_name":"Adoro Drums Web Shop","article_publisher":"https:\/\/facebook.com\/adorodrums","article_modified_time":"2025-07-22T20:50:08+00:00","og_image":[{"width":2560,"height":2560,"url":"https:\/\/silent-sticks.com\/wp-content\/uploads\/2025\/06\/SP-Coated-BD_2023_adoro-scaled-1.jpg","type":"image\/jpeg"}],"twitter_card":"summary_large_image","twitter_site":"@adorodrums","twitter_misc":{"Dur\u00e9e de lecture estim\u00e9e":"1 minute"},"schema":{"@context":"https:\/\/schema.org","@graph":[{"@type":"WebPage","@id":"https:\/\/silent-sticks.com\/produkt\/adoro-sp-classic-coated-bd-26-with-muffler\/","url":"https:\/\/silent-sticks.com\/produkt\/adoro-sp-classic-coated-bd-26-with-muffler\/","name":"Adoro SP Classic Coated BD 26\" with Muffler - Adoro Drums Web Shop","isPartOf":{"@id":"https:\/\/silent-sticks.com\/#website"},"primaryImageOfPage":{"@id":"https:\/\/silent-sticks.com\/produkt\/adoro-sp-classic-coated-bd-26-with-muffler\/#primaryimage"},"image":{"@id":"https:\/\/silent-sticks.com\/produkt\/adoro-sp-classic-coated-bd-26-with-muffler\/#primaryimage"},"thumbnailUrl":"https:\/\/silent-sticks.com\/wp-content\/uploads\/2025\/06\/SP-Coated-BD_2023_adoro-scaled-1.jpg","datePublished":"2025-06-17T07:00:17+00:00","dateModified":"2025-07-22T20:50:08+00:00","breadcrumb":{"@id":"https:\/\/silent-sticks.com\/produkt\/adoro-sp-classic-coated-bd-26-with-muffler\/#breadcrumb"},"inLanguage":"fr-FR","potentialAction":[{"@type":"ReadAction","target":["https:\/\/silent-sticks.com\/produkt\/adoro-sp-classic-coated-bd-26-with-muffler\/"]}]},{"@type":"ImageObject","inLanguage":"fr-FR","@id":"https:\/\/silent-sticks.com\/produkt\/adoro-sp-classic-coated-bd-26-with-muffler\/#primaryimage","url":"https:\/\/silent-sticks.com\/wp-content\/uploads\/2025\/06\/SP-Coated-BD_2023_adoro-scaled-1.jpg","contentUrl":"https:\/\/silent-sticks.com\/wp-content\/uploads\/2025\/06\/SP-Coated-BD_2023_adoro-scaled-1.jpg","width":2560,"height":2560},{"@type":"BreadcrumbList","@id":"https:\/\/silent-sticks.com\/produkt\/adoro-sp-classic-coated-bd-26-with-muffler\/#breadcrumb","itemListElement":[{"@type":"ListItem","position":1,"name":"Home","item":"https:\/\/silent-sticks.com\/"},{"@type":"ListItem","position":2,"name":"Shop","item":"https:\/\/silent-sticks.com\/shop\/"},{"@type":"ListItem","position":3,"name":"Adoro SP Classic Coated BD 26&#8243; with Muffler"}]},{"@type":"WebSite","@id":"https:\/\/silent-sticks.com\/#website","url":"https:\/\/silent-sticks.com\/","name":"Adoro Drums Web Shop","description":"Home of Silent Sticks &amp; Beater. And awesome drums.","publisher":{"@id":"https:\/\/silent-sticks.com\/#organization"},"potentialAction":[{"@type":"SearchAction","target":{"@type":"EntryPoint","urlTemplate":"https:\/\/silent-sticks.com\/?s={search_term_string}"},"query-input":{"@type":"PropertyValueSpecification","valueRequired":true,"valueName":"search_term_string"}}],"inLanguage":"fr-FR"},{"@type":"Organization","@id":"https:\/\/silent-sticks.com\/#organization","name":"Adoro Drums USA","url":"https:\/\/silent-sticks.com\/","logo":{"@type":"ImageObject","inLanguage":"fr-FR","@id":"https:\/\/silent-sticks.com\/#\/schema\/logo\/image\/","url":"https:\/\/silent-sticks.com\/wp-content\/uploads\/2020\/05\/adoro-Logo-simplified_black.svg","contentUrl":"https:\/\/silent-sticks.com\/wp-content\/uploads\/2020\/05\/adoro-Logo-simplified_black.svg","width":138,"height":68,"caption":"Adoro Drums USA"},"image":{"@id":"https:\/\/silent-sticks.com\/#\/schema\/logo\/image\/"},"sameAs":["https:\/\/facebook.com\/adorodrums","https:\/\/x.com\/adorodrums"]}]}},"jetpack_sharing_enabled":true,"_links":{"self":[{"href":"https:\/\/silent-sticks.com\/fr\/wp-json\/wp\/v2\/product\/25876","targetHints":{"allow":["GET"]}}],"collection":[{"href":"https:\/\/silent-sticks.com\/fr\/wp-json\/wp\/v2\/product"}],"about":[{"href":"https:\/\/silent-sticks.com\/fr\/wp-json\/wp\/v2\/types\/product"}],"replies":[{"embeddable":true,"href":"https:\/\/silent-sticks.com\/fr\/wp-json\/wp\/v2\/comments?post=25876"}],"version-history":[{"count":1,"href":"https:\/\/silent-sticks.com\/fr\/wp-json\/wp\/v2\/product\/25876\/revisions"}],"predecessor-version":[{"id":25953,"href":"https:\/\/silent-sticks.com\/fr\/wp-json\/wp\/v2\/product\/25876\/revisions\/25953"}],"wp:featuredmedia":[{"embeddable":true,"href":"https:\/\/silent-sticks.com\/fr\/wp-json\/wp\/v2\/media\/25844"}],"wp:attachment":[{"href":"https:\/\/silent-sticks.com\/fr\/wp-json\/wp\/v2\/media?parent=25876"}],"wp:term":[{"taxonomy":"product_brand","embeddable":true,"href":"https:\/\/silent-sticks.com\/fr\/wp-json\/wp\/v2\/product_brand?post=25876"},{"taxonomy":"product_cat","embeddable":true,"href":"https:\/\/silent-sticks.com\/fr\/wp-json\/wp\/v2\/product_cat?post=25876"},{"taxonomy":"product_tag","embeddable":true,"href":"https:\/\/silent-sticks.com\/fr\/wp-json\/wp\/v2\/product_tag?post=25876"}],"curies":[{"name":"wp","href":"https:\/\/api.w.org\/{rel}","templated":true}]}}